{"id":819,"date":"2021-11-12T16:14:20","date_gmt":"2021-11-12T16:14:20","guid":{"rendered":"https:\/\/paperbit.it\/heaven\/?page_id=819"},"modified":"2023-11-27T16:51:53","modified_gmt":"2023-11-27T16:51:53","slug":"termini-di-servizio","status":"publish","type":"page","link":"https:\/\/paperbit.it\/heaven\/termini-di-servizio\/","title":{"rendered":"Termini di servizio"},"content":{"rendered":"\t\t<div data-elementor-type=\"wp-post\" data-elementor-id=\"819\" class=\"elementor elementor-819\" data-elementor-settings=\"[]\">\n\t\t\t\t\t\t\t<div class=\"elementor-section-wrap\">\n\t\t\t\t\t\t\t<section class=\"elementor-section elementor-top-section elementor-element elementor-element-2d9e89ae elementor-section-boxed elementor-section-height-default elementor-section-height-default\" data-id=\"2d9e89ae\" data-element_type=\"section\" data-settings=\"{&quot;background_background&quot;:&quot;classic&quot;}\">\n\t\t\t\t\t\t<div class=\"elementor-container elementor-column-gap-default\">\n\t\t\t\t\t<div class=\"elementor-column elementor-col-100 elementor-top-column elementor-element elementor-element-36d91b73\" data-id=\"36d91b73\" data-element_type=\"column\">\n\t\t\t<div class=\"elementor-widget-wrap elementor-element-populated\">\n\t\t\t\t\t\t\t\t<div class=\"elementor-element elementor-element-2b197b3d elementor-widget elementor-widget-heading\" data-id=\"2b197b3d\" data-element_type=\"widget\" data-widget_type=\"heading.default\">\n\t\t\t\t<div class=\"elementor-widget-container\">\n\t\t\t<h2 class=\"elementor-heading-title elementor-size-default\"><span style=\"color: var( --e-global-color-primary ); letter-spacing: 0px; background-color: var(--nv-site-bg);\">Termini e condizioni d'uso del nostro sito<\/span><\/h2>\t\t<\/div>\n\t\t\t\t<\/div>\n\t\t\t\t<div class=\"elementor-element elementor-element-98d2b4f elementor-drop-cap-yes elementor-drop-cap-view-default elementor-widget elementor-widget-text-editor\" data-id=\"98d2b4f\" data-element_type=\"widget\" data-settings=\"{&quot;drop_cap&quot;:&quot;yes&quot;}\" data-widget_type=\"text-editor.default\">\n\t\t\t\t<div class=\"elementor-widget-container\">\n\t\t\t\t\t\t\t\t<div class=\"elementor-element elementor-element-17d0138 elementor-widget elementor-widget-heading\" data-id=\"17d0138\" data-element_type=\"widget\" data-widget_type=\"heading.default\"><div class=\"elementor-widget-container\"><h2>\u00a0<\/h2><p>Ultimo aggiornamento: Novembre 9, 2021<\/p><p><strong>Si prega di leggere attentamente i presenti Termini di utilizzo<\/strong> (\u201cTermini\u201d, \u201cTermini di utilizzo\u201d) prima di utilizzare il sito Web https:\/\/residenceheaven.com (il \u201cServizio\u201d) gestito da Napoli Giuseppina (\u201cnoi\u201d, \u201cnoi\u201d o \u201cnostro \u201c).<\/p><p>L\u2019accesso e l\u2019utilizzo del Servizio sono subordinati all\u2019accettazione e al rispetto dei presenti Termini. I presenti Termini si applicano a tutti i visitatori, utenti e altri che accedono o utilizzano il Servizio.<\/p><p>Accedendo o utilizzando il Servizio accetti di essere vincolato da questi Termini. Se non sei d\u2019accordo con qualsiasi parte dei termini, non puoi accedere al Servizio.<\/p><p><strong>Collegamenti ad altri siti Web<\/strong><\/p><p><strong>\u00a0<\/strong><\/p><p>Il nostro Servizio pu\u00f2 contenere collegamenti a siti Web o servizi di terzi che non sono di propriet\u00e0 o controllati da Residence Heaven.<\/p><p>Residence Heaven non ha alcun controllo e non si assume alcuna responsabilit\u00e0 per il contenuto, le politiche sulla privacy o le pratiche di siti Web o servizi di terzi. Riconosci e accetti inoltre che Residence Heaven non sar\u00e0 responsabile, direttamente o indirettamente, per eventuali danni o perdite causati o presumibilmente causati da o in connessione con l\u2019uso o l\u2019affidamento su tali contenuti, beni o servizi disponibili su o tramite tali siti Web o servizi.<\/p><p>Ti consigliamo vivamente di leggere i termini e le condizioni e le politiche sulla privacy di qualsiasi sito Web o servizio di terze parti che visiti.<\/p><p><strong>Normative vigenti<\/strong><\/p><p><strong>\u00a0<\/strong><\/p><p>I presenti Termini saranno disciplinati e interpretati in conformit\u00e0 con le leggi italiane senza riguardo alle disposizioni sui conflitti di legge.<\/p><p>La nostra incapacit\u00e0 di far valere qualsiasi diritto o disposizione di questi Termini non sar\u00e0 considerata una rinuncia a tali diritti. Se una qualsiasi disposizione di questi Termini \u00e8 ritenuta non valida o non applicabile da un tribunale, le restanti disposizioni di questi Termini rimarranno in vigore. I presenti Termini costituiscono l\u2019intero accordo tra noi per quanto riguarda il nostro Servizio e sostituiscono e sostituiscono qualsiasi accordo precedente che potremmo avere tra di noi in merito al Servizio.<\/p><p><strong>I cambiamenti<\/strong><\/p><p><strong>\u00a0<\/strong>Ci riserviamo il diritto, a nostra esclusiva discrezione, di modificare o sostituire i presenti Termini in qualsiasi momento. Se una revisione \u00e8 materiale, cercheremo di fornire un preavviso di almeno 15 giorni prima che i nuovi termini entrino in vigore. Ci\u00f2 che costituisce un cambiamento sostanziale sar\u00e0 determinato a nostra esclusiva discrezione.<\/p><p>Continuando ad accedere o utilizzare il nostro Servizio dopo che tali revisioni sono diventate effettive, accetti di essere vincolato dai termini modificati. Se non accetti i nuovi termini, ti preghiamo di interrompere l\u2019utilizzo del Servizio.<\/p><p><strong>Contattaci<\/strong><\/p><p>In caso di domande sui presenti Termini, contattaci.<\/p><\/div><\/div>\t\t\t\t\t\t<\/div>\n\t\t\t\t<\/div>\n\t\t\t\t<div class=\"elementor-element elementor-element-4ac9e20 elementor-widget elementor-widget-spacer\" data-id=\"4ac9e20\" data-element_type=\"widget\" data-widget_type=\"spacer.default\">\n\t\t\t\t<div class=\"elementor-widget-container\">\n\t\t\t\t\t<div class=\"elementor-spacer\">\n\t\t\t<div class=\"elementor-spacer-inner\"><\/div>\n\t\t<\/div>\n\t\t\t\t<\/div>\n\t\t\t\t<\/div>\n\t\t\t\t\t<\/div>\n\t\t<\/div>\n\t\t\t\t\t\t\t<\/div>\n\t\t<\/section>\n\t\t\t\t<section class=\"elementor-section elementor-top-section elementor-element elementor-element-1ec6724 elementor-section-full_width elementor-section-height-default elementor-section-height-default\" data-id=\"1ec6724\" data-element_type=\"section\">\n\t\t\t\t\t\t<div class=\"elementor-container elementor-column-gap-default\">\n\t\t\t\t\t<div class=\"elementor-column elementor-col-100 elementor-top-column elementor-element elementor-element-c5a850d\" data-id=\"c5a850d\" data-element_type=\"column\">\n\t\t\t<div class=\"elementor-widget-wrap elementor-element-populated\">\n\t\t\t\t\t\t\t\t<div class=\"elementor-element elementor-element-b4737cd elementor-widget elementor-widget-shortcode\" data-id=\"b4737cd\" data-element_type=\"widget\" data-widget_type=\"shortcode.default\">\n\t\t\t\t<div class=\"elementor-widget-container\">\n\t\t\t\t\t<div class=\"elementor-shortcode\">\t\t<div data-elementor-type=\"footer\" data-elementor-id=\"1481\" class=\"elementor elementor-1481\" data-elementor-settings=\"[]\">\n\t\t<div class=\"elementor-section-wrap\">\n\t\t\t\t\t<section class=\"elementor-section elementor-top-section elementor-element elementor-element-fe5c648 elementor-section-boxed elementor-section-height-default elementor-section-height-default\" data-id=\"fe5c648\" data-element_type=\"section\" data-settings=\"{&quot;background_background&quot;:&quot;classic&quot;,&quot;shape_divider_top&quot;:&quot;arrow&quot;}\">\n\t\t\t\t\t<div class=\"elementor-shape elementor-shape-top\" data-negative=\"false\">\n\t\t\t<svg xmlns=\"http:\/\/www.w3.org\/2000\/svg\" viewBox=\"0 0 700 10\" preserveAspectRatio=\"none\">\n\t<path class=\"elementor-shape-fill\" d=\"M350,10L340,0h20L350,10z\"\/>\n<\/svg>\t\t<\/div>\n\t\t\t\t\t<div class=\"elementor-container elementor-column-gap-no\">\n\t\t\t\t\t<div class=\"elementor-column elementor-col-25 elementor-top-column elementor-element elementor-element-cc4f060\" data-id=\"cc4f060\" data-element_type=\"column\">\n\t\t\t<div class=\"elementor-widget-wrap elementor-element-populated\">\n\t\t\t\t\t\t\t\t<div class=\"elementor-element elementor-element-2156b82 elementor-view-default elementor-widget elementor-widget-icon\" data-id=\"2156b82\" data-element_type=\"widget\" data-widget_type=\"icon.default\">\n\t\t\t\t<div class=\"elementor-widget-container\">\n\t\t\t\t\t<div class=\"elementor-icon-wrapper\">\n\t\t\t<div class=\"elementor-icon\">\n\t\t\t<i aria-hidden=\"true\" class=\"far fa-map\"><\/i>\t\t\t<\/div>\n\t\t<\/div>\n\t\t\t\t<\/div>\n\t\t\t\t<\/div>\n\t\t\t\t<div class=\"elementor-element elementor-element-b3c528b elementor-widget elementor-widget-text-editor\" data-id=\"b3c528b\" data-element_type=\"widget\" data-widget_type=\"text-editor.default\">\n\t\t\t\t<div class=\"elementor-widget-container\">\n\t\t\t\t\t\t\t\t<p><strong>Agriturismo Residence Heaven<\/strong><br \/>Napoli Giuseppina<br \/>Via Torre Santa Maria <br \/>89866 Ricadi (VV)<br \/>Tel +39 0963 663879<br \/>Fax +39 0963663914<\/p>\t\t\t\t\t\t<\/div>\n\t\t\t\t<\/div>\n\t\t\t\t\t<\/div>\n\t\t<\/div>\n\t\t\t\t<div class=\"elementor-column elementor-col-25 elementor-top-column elementor-element elementor-element-e074e0e\" data-id=\"e074e0e\" data-element_type=\"column\">\n\t\t\t<div class=\"elementor-widget-wrap elementor-element-populated\">\n\t\t\t\t\t\t\t\t<div class=\"elementor-element elementor-element-12e2ca8 elementor-view-default elementor-widget elementor-widget-icon\" data-id=\"12e2ca8\" data-element_type=\"widget\" data-widget_type=\"icon.default\">\n\t\t\t\t<div class=\"elementor-widget-container\">\n\t\t\t\t\t<div class=\"elementor-icon-wrapper\">\n\t\t\t<div class=\"elementor-icon\">\n\t\t\t<i aria-hidden=\"true\" class=\"fas fa-envelope\"><\/i>\t\t\t<\/div>\n\t\t<\/div>\n\t\t\t\t<\/div>\n\t\t\t\t<\/div>\n\t\t\t\t<div class=\"elementor-element elementor-element-c10e126 elementor-widget elementor-widget-text-editor\" data-id=\"c10e126\" data-element_type=\"widget\" data-widget_type=\"text-editor.default\">\n\t\t\t\t<div class=\"elementor-widget-container\">\n\t\t\t\t\t\t\t\t<p>info@tropeacapovaticano.com<\/p>\t\t\t\t\t\t<\/div>\n\t\t\t\t<\/div>\n\t\t\t\t\t<\/div>\n\t\t<\/div>\n\t\t\t\t<div class=\"elementor-column elementor-col-25 elementor-top-column elementor-element elementor-element-2f1b91f\" data-id=\"2f1b91f\" data-element_type=\"column\">\n\t\t\t<div class=\"elementor-widget-wrap elementor-element-populated\">\n\t\t\t\t\t\t\t\t<div class=\"elementor-element elementor-element-88e200c elementor-view-default elementor-widget elementor-widget-icon\" data-id=\"88e200c\" data-element_type=\"widget\" data-widget_type=\"icon.default\">\n\t\t\t\t<div class=\"elementor-widget-container\">\n\t\t\t\t\t<div class=\"elementor-icon-wrapper\">\n\t\t\t<div class=\"elementor-icon\">\n\t\t\t<i aria-hidden=\"true\" class=\"fas fa-phone-square\"><\/i>\t\t\t<\/div>\n\t\t<\/div>\n\t\t\t\t<\/div>\n\t\t\t\t<\/div>\n\t\t\t\t<div class=\"elementor-element elementor-element-c177acc elementor-widget elementor-widget-text-editor\" data-id=\"c177acc\" data-element_type=\"widget\" data-widget_type=\"text-editor.default\">\n\t\t\t\t<div class=\"elementor-widget-container\">\n\t\t\t\t\t\t\t\t<p>Tel +39 0963 663879 <br \/>Cell. +39 347 0542448<\/p><p>Codici Identificativi Regionali<br \/>102030-RTA-00035<br \/>102030-AFF-00142<br \/>102030-AGR-00003<\/p>\t\t\t\t\t\t<\/div>\n\t\t\t\t<\/div>\n\t\t\t\t\t<\/div>\n\t\t<\/div>\n\t\t\t\t<div class=\"elementor-column elementor-col-25 elementor-top-column elementor-element elementor-element-8fc1d98\" data-id=\"8fc1d98\" data-element_type=\"column\" data-settings=\"{&quot;background_background&quot;:&quot;classic&quot;}\">\n\t\t\t<div class=\"elementor-widget-wrap elementor-element-populated\">\n\t\t\t\t\t\t\t\t<div class=\"elementor-element elementor-element-4feb980 elementor-shape-rounded elementor-grid-0 e-grid-align-center elementor-widget elementor-widget-social-icons\" data-id=\"4feb980\" data-element_type=\"widget\" data-widget_type=\"social-icons.default\">\n\t\t\t\t<div class=\"elementor-widget-container\">\n\t\t\t\t\t<div class=\"elementor-social-icons-wrapper elementor-grid\">\n\t\t\t\t\t\t\t<div class=\"elementor-grid-item\">\n\t\t\t\t\t<a class=\"elementor-icon elementor-social-icon elementor-social-icon-facebook-f elementor-repeater-item-5e5d300\" href=\"https:\/\/www.facebook.com\/agriturismoheaven\" target=\"_blank\">\n\t\t\t\t\t\t<span class=\"elementor-screen-only\">Facebook-f<\/span>\n\t\t\t\t\t\t<i class=\"fab fa-facebook-f\"><\/i>\t\t\t\t\t<\/a>\n\t\t\t\t<\/div>\n\t\t\t\t\t\t\t<div class=\"elementor-grid-item\">\n\t\t\t\t\t<a class=\"elementor-icon elementor-social-icon elementor-social-icon-instagram elementor-repeater-item-0586fe1\" href=\"https:\/\/www.instagram.com\/res_heaven\" target=\"_blank\">\n\t\t\t\t\t\t<span class=\"elementor-screen-only\">Instagram<\/span>\n\t\t\t\t\t\t<i class=\"fab fa-instagram\"><\/i>\t\t\t\t\t<\/a>\n\t\t\t\t<\/div>\n\t\t\t\t\t<\/div>\n\t\t\t\t<\/div>\n\t\t\t\t<\/div>\n\t\t\t\t<div class=\"elementor-element elementor-element-3dd5ebf elementor-widget elementor-widget-text-editor\" data-id=\"3dd5ebf\" data-element_type=\"widget\" data-widget_type=\"text-editor.default\">\n\t\t\t\t<div class=\"elementor-widget-container\">\n\t\t\t\t\t\t\t\t<p style=\"text-align: center;\">\u00a9 Agriturismo Heaven<\/p><p>\u00a0<\/p><p><a href=\"https:\/\/paperbit.it\/heaven\/termini-di-servizio\/\">Privacy e termini<\/a> &#8211; <a href=\"https:\/\/paperbit.it\/heaven\/cookie-policy\">Cookie Policy<\/a><\/p>\t\t\t\t\t\t<\/div>\n\t\t\t\t<\/div>\n\t\t\t\t\t<\/div>\n\t\t<\/div>\n\t\t\t\t\t\t\t<\/div>\n\t\t<\/section>\n\t\t\t\t<\/div>\n\t\t<\/div>\n\t\t<\/div>\n\t\t\t\t<\/div>\n\t\t\t\t<\/div>\n\t\t\t\t\t<\/div>\n\t\t<\/div>\n\t\t\t\t\t\t\t<\/div>\n\t\t<\/section>\n\t\t\t\t\t\t<\/div>\n\t\t\t\t\t<\/div>\n\t\t","protected":false},"excerpt":{"rendered":"<p>Termini e condizioni d&#8217;uso del nostro sito \u00a0 Ultimo aggiornamento: Novembre 9, 2021 Si prega di leggere attentamente i presenti Termini di utilizzo (\u201cTermini\u201d, \u201cTermini di utilizzo\u201d) prima di utilizzare il sito Web https:\/\/residenceheaven.com (il \u201cServizio\u201d) gestito da Napoli Giuseppina (\u201cnoi\u201d, \u201cnoi\u201d o \u201cnostro \u201c). L\u2019accesso e l\u2019utilizzo del Servizio sono subordinati all\u2019accettazione e al&hellip;&nbsp;<a href=\"https:\/\/paperbit.it\/heaven\/termini-di-servizio\/\" class=\"\" rel=\"bookmark\">Leggi tutto &raquo;<span class=\"screen-reader-text\">Termini di servizio<\/span><\/a><\/p>\n","protected":false},"author":1,"featured_media":0,"parent":0,"menu_order":0,"comment_status":"closed","ping_status":"closed","template":"page-templates\/template-pagebuilder-full-width.php","meta":{"neve_meta_sidebar":"","neve_meta_container":"","neve_meta_enable_content_width":"","neve_meta_content_width":70,"neve_meta_title_alignment":"","neve_meta_author_avatar":"","neve_post_elements_order":"","neve_meta_disable_header":"","neve_meta_disable_footer":"on","neve_meta_disable_title":"","_ti_tpc_template_sync":false,"_ti_tpc_template_id":"zvxehh9oik7texiflksy","footnotes":""},"class_list":["post-819","page","type-page","status-publish","hentry"],"yoast_head":"<!-- This site is optimized with the Yoast SEO plugin v17.7 - https:\/\/yoast.com\/wordpress\/plugins\/seo\/ -->\n<title>Termini di servizio - Agriturismo Residence Ristorante Heaven, Capo Vaticano<\/title>\n<meta name=\"robots\" content=\"index, follow, max-snippet:-1, max-image-preview:large, max-video-preview:-1\" \/>\n<link rel=\"canonical\" href=\"https:\/\/paperbit.it\/heaven\/termini-di-servizio\/\" \/>\n<meta property=\"og:locale\" content=\"it_IT\" \/>\n<meta property=\"og:type\" content=\"article\" \/>\n<meta property=\"og:title\" content=\"Termini di servizio - Agriturismo Residence Ristorante Heaven, Capo Vaticano\" \/>\n<meta property=\"og:description\" content=\"Termini e condizioni d&#8217;uso del nostro sito \u00a0 Ultimo aggiornamento: Novembre 9, 2021 Si prega di leggere attentamente i presenti Termini di utilizzo (\u201cTermini\u201d, \u201cTermini di utilizzo\u201d) prima di utilizzare il sito Web https:\/\/residenceheaven.com (il \u201cServizio\u201d) gestito da Napoli Giuseppina (\u201cnoi\u201d, \u201cnoi\u201d o \u201cnostro \u201c). L\u2019accesso e l\u2019utilizzo del Servizio sono subordinati all\u2019accettazione e al&hellip;&nbsp;Leggi tutto &raquo;Termini di servizio\" \/>\n<meta property=\"og:url\" content=\"https:\/\/paperbit.it\/heaven\/termini-di-servizio\/\" \/>\n<meta property=\"og:site_name\" content=\"Agriturismo Residence Ristorante Heaven, Capo Vaticano\" \/>\n<meta property=\"article:publisher\" content=\"https:\/\/www.facebook.com\/Litto-Tropea-appartamenti-per-vacanze-103194121952857\" \/>\n<meta property=\"article:modified_time\" content=\"2023-11-27T16:51:53+00:00\" \/>\n<meta name=\"twitter:card\" content=\"summary_large_image\" \/>\n<meta name=\"twitter:label1\" content=\"Tempo di lettura stimato\" \/>\n\t<meta name=\"twitter:data1\" content=\"4 minuti\" \/>\n<script type=\"application\/ld+json\" class=\"yoast-schema-graph\">{\"@context\":\"https:\/\/schema.org\",\"@graph\":[{\"@type\":\"Organization\",\"@id\":\"https:\/\/paperbit.it\/heaven\/#organization\",\"name\":\"littoappartamenti\",\"url\":\"https:\/\/paperbit.it\/heaven\/\",\"sameAs\":[\"https:\/\/www.facebook.com\/Litto-Tropea-appartamenti-per-vacanze-103194121952857\"],\"logo\":{\"@type\":\"ImageObject\",\"@id\":\"https:\/\/paperbit.it\/heaven\/#logo\",\"inLanguage\":\"it-IT\",\"url\":\"https:\/\/paperbit.it\/heaven\/wp-content\/uploads\/2021\/11\/favpng.png\",\"contentUrl\":\"https:\/\/paperbit.it\/heaven\/wp-content\/uploads\/2021\/11\/favpng.png\",\"width\":147,\"height\":130,\"caption\":\"littoappartamenti\"},\"image\":{\"@id\":\"https:\/\/paperbit.it\/heaven\/#logo\"}},{\"@type\":\"WebSite\",\"@id\":\"https:\/\/paperbit.it\/heaven\/#website\",\"url\":\"https:\/\/paperbit.it\/heaven\/\",\"name\":\"Agriturismo Residence Ristorante Heaven, Capo Vaticano\",\"description\":\"Relax e buona cucina a pochi passi dal mare\",\"publisher\":{\"@id\":\"https:\/\/paperbit.it\/heaven\/#organization\"},\"potentialAction\":[{\"@type\":\"SearchAction\",\"target\":{\"@type\":\"EntryPoint\",\"urlTemplate\":\"https:\/\/paperbit.it\/heaven\/?s={search_term_string}\"},\"query-input\":\"required name=search_term_string\"}],\"inLanguage\":\"it-IT\"},{\"@type\":\"WebPage\",\"@id\":\"https:\/\/paperbit.it\/heaven\/termini-di-servizio\/#webpage\",\"url\":\"https:\/\/paperbit.it\/heaven\/termini-di-servizio\/\",\"name\":\"Termini di servizio - Agriturismo Residence Ristorante Heaven, Capo Vaticano\",\"isPartOf\":{\"@id\":\"https:\/\/paperbit.it\/heaven\/#website\"},\"datePublished\":\"2021-11-12T16:14:20+00:00\",\"dateModified\":\"2023-11-27T16:51:53+00:00\",\"breadcrumb\":{\"@id\":\"https:\/\/paperbit.it\/heaven\/termini-di-servizio\/#breadcrumb\"},\"inLanguage\":\"it-IT\",\"potentialAction\":[{\"@type\":\"ReadAction\",\"target\":[\"https:\/\/paperbit.it\/heaven\/termini-di-servizio\/\"]}]},{\"@type\":\"BreadcrumbList\",\"@id\":\"https:\/\/paperbit.it\/heaven\/termini-di-servizio\/#breadcrumb\",\"itemListElement\":[{\"@type\":\"ListItem\",\"position\":1,\"name\":\"Home\",\"item\":\"https:\/\/paperbit.it\/heaven\/\"},{\"@type\":\"ListItem\",\"position\":2,\"name\":\"Termini di servizio\"}]}]}<\/script>\n<!-- \/ Yoast SEO plugin. -->","yoast_head_json":{"title":"Termini di servizio - Agriturismo Residence Ristorante Heaven, Capo Vaticano","robots":{"index":"index","follow":"follow","max-snippet":"max-snippet:-1","max-image-preview":"max-image-preview:large","max-video-preview":"max-video-preview:-1"},"canonical":"https:\/\/paperbit.it\/heaven\/termini-di-servizio\/","og_locale":"it_IT","og_type":"article","og_title":"Termini di servizio - Agriturismo Residence Ristorante Heaven, Capo Vaticano","og_description":"Termini e condizioni d&#8217;uso del nostro sito \u00a0 Ultimo aggiornamento: Novembre 9, 2021 Si prega di leggere attentamente i presenti Termini di utilizzo (\u201cTermini\u201d, \u201cTermini di utilizzo\u201d) prima di utilizzare il sito Web https:\/\/residenceheaven.com (il \u201cServizio\u201d) gestito da Napoli Giuseppina (\u201cnoi\u201d, \u201cnoi\u201d o \u201cnostro \u201c). L\u2019accesso e l\u2019utilizzo del Servizio sono subordinati all\u2019accettazione e al&hellip;&nbsp;Leggi tutto &raquo;Termini di servizio","og_url":"https:\/\/paperbit.it\/heaven\/termini-di-servizio\/","og_site_name":"Agriturismo Residence Ristorante Heaven, Capo Vaticano","article_publisher":"https:\/\/www.facebook.com\/Litto-Tropea-appartamenti-per-vacanze-103194121952857","article_modified_time":"2023-11-27T16:51:53+00:00","twitter_card":"summary_large_image","twitter_misc":{"Tempo di lettura stimato":"4 minuti"},"schema":{"@context":"https:\/\/schema.org","@graph":[{"@type":"Organization","@id":"https:\/\/paperbit.it\/heaven\/#organization","name":"littoappartamenti","url":"https:\/\/paperbit.it\/heaven\/","sameAs":["https:\/\/www.facebook.com\/Litto-Tropea-appartamenti-per-vacanze-103194121952857"],"logo":{"@type":"ImageObject","@id":"https:\/\/paperbit.it\/heaven\/#logo","inLanguage":"it-IT","url":"https:\/\/paperbit.it\/heaven\/wp-content\/uploads\/2021\/11\/favpng.png","contentUrl":"https:\/\/paperbit.it\/heaven\/wp-content\/uploads\/2021\/11\/favpng.png","width":147,"height":130,"caption":"littoappartamenti"},"image":{"@id":"https:\/\/paperbit.it\/heaven\/#logo"}},{"@type":"WebSite","@id":"https:\/\/paperbit.it\/heaven\/#website","url":"https:\/\/paperbit.it\/heaven\/","name":"Agriturismo Residence Ristorante Heaven, Capo Vaticano","description":"Relax e buona cucina a pochi passi dal mare","publisher":{"@id":"https:\/\/paperbit.it\/heaven\/#organization"},"potentialAction":[{"@type":"SearchAction","target":{"@type":"EntryPoint","urlTemplate":"https:\/\/paperbit.it\/heaven\/?s={search_term_string}"},"query-input":"required name=search_term_string"}],"inLanguage":"it-IT"},{"@type":"WebPage","@id":"https:\/\/paperbit.it\/heaven\/termini-di-servizio\/#webpage","url":"https:\/\/paperbit.it\/heaven\/termini-di-servizio\/","name":"Termini di servizio - Agriturismo Residence Ristorante Heaven, Capo Vaticano","isPartOf":{"@id":"https:\/\/paperbit.it\/heaven\/#website"},"datePublished":"2021-11-12T16:14:20+00:00","dateModified":"2023-11-27T16:51:53+00:00","breadcrumb":{"@id":"https:\/\/paperbit.it\/heaven\/termini-di-servizio\/#breadcrumb"},"inLanguage":"it-IT","potentialAction":[{"@type":"ReadAction","target":["https:\/\/paperbit.it\/heaven\/termini-di-servizio\/"]}]},{"@type":"BreadcrumbList","@id":"https:\/\/paperbit.it\/heaven\/termini-di-servizio\/#breadcrumb","itemListElement":[{"@type":"ListItem","position":1,"name":"Home","item":"https:\/\/paperbit.it\/heaven\/"},{"@type":"ListItem","position":2,"name":"Termini di servizio"}]}]}},"_links":{"self":[{"href":"https:\/\/paperbit.it\/heaven\/wp-json\/wp\/v2\/pages\/819","targetHints":{"allow":["GET"]}}],"collection":[{"href":"https:\/\/paperbit.it\/heaven\/wp-json\/wp\/v2\/pages"}],"about":[{"href":"https:\/\/paperbit.it\/heaven\/wp-json\/wp\/v2\/types\/page"}],"author":[{"embeddable":true,"href":"https:\/\/paperbit.it\/heaven\/wp-json\/wp\/v2\/users\/1"}],"replies":[{"embeddable":true,"href":"https:\/\/paperbit.it\/heaven\/wp-json\/wp\/v2\/comments?post=819"}],"version-history":[{"count":22,"href":"https:\/\/paperbit.it\/heaven\/wp-json\/wp\/v2\/pages\/819\/revisions"}],"predecessor-version":[{"id":1511,"href":"https:\/\/paperbit.it\/heaven\/wp-json\/wp\/v2\/pages\/819\/revisions\/1511"}],"wp:attachment":[{"href":"https:\/\/paperbit.it\/heaven\/wp-json\/wp\/v2\/media?parent=819"}],"curies":[{"name":"wp","href":"https:\/\/api.w.org\/{rel}","templated":true}]}}